{"id":50,"date":"2010-04-23T23:53:56","date_gmt":"2010-04-24T03:53:56","guid":{"rendered":"https:\/\/pornuestroshermanossinvoz.org\/?page_id=50"},"modified":"2021-03-05T21:12:06","modified_gmt":"2021-03-06T04:12:06","slug":"%c2%bfcomo-puedo-ayudar","status":"publish","type":"page","link":"https:\/\/pornuestroshermanossinvoz.org\/?page_id=50","title":{"rendered":"\u00bfC\u00f3mo puedo ayudar?"},"content":{"rendered":"<p>Tu puedes cambiar su destino a cada uno de por nuestros hermanos sin voz con donaciones y aportaciones en &#8220;ESPECIE O EN EFECTIVO&#8221;. Tu eres el motor de esta linda labor!. Ay\u00fadanos a seguir salvando vidas.<\/p>\n<h3>DONATIVOS PARA EL REFUGIO DE YOLANDA EN TULA DE ALLENDE-HIDALGO, M\u00c9XICO.<\/h3>\n<p><strong>YOLANDA ROMERO NU\u00d1EZ<\/strong><br \/>\n<span style=\"color: #ff0000;\"><strong>HSBC SUC. 0967<strong><br \/>\n<strong>CUENTA.<strong> <strong>6460201068<strong><br \/>\nTransferencia. <strong>021311064602010681<\/strong><\/strong><\/strong><\/strong><\/strong><\/strong><\/strong><\/span><\/p>\n<p><strong><strong><strong><strong><strong><strong><strong><strong><span style=\"color: #0000ff;\">BANAMEX 5204165685632196<\/span><br \/>\n<\/strong><\/strong><\/strong><\/strong><\/strong><\/strong><\/strong><\/strong><\/p>\n<p><span style=\"color: #ff9900;\"><strong><strong><strong><strong><strong><strong><strong><strong>OXXO 4213166120988799<\/strong><\/strong><\/strong><\/strong><\/strong><\/strong><\/strong><\/strong><\/span><\/p>\n<p><strong>Coppel 4169160468504064<\/strong><\/p>\n<p><span style=\"color: #3366ff;\"><strong>PAYPAL yoyiromero_n@yahoo.com.mx<\/strong><\/span><\/p>\n<h3>\u00bfQU\u00c9 SE NECESITA?<\/h3>\n<p>Se necesitan much\u00edsimas cosas para<br \/>\nafrontar el d\u00eda a d\u00eda, principalmente el Alimento,<br \/>\nYolanda alimenta desde perritos, palomas, gatitos<br \/>\nhasta burritos y caballos.<\/p>\n<p>Yolanda diario Encuentra en su camino chaparritos<br \/>\nen los Huesos con Desnutrici\u00f3n, Sed, Perritas y<br \/>\nGatitas Pre\u00f1adas saciando su Sed en el charco<br \/>\nde lodo o lluvia.<\/p>\n<p>Especialmente nos hace mucha falta Alimento Con Alto Valor en Proteinas, Calcio, Vitaminas.<\/p>\n<p><img loading=\"lazy\" decoding=\"async\" class=\"alignleft wp-image-12894\" src=\"https:\/\/pornuestroshermanossinvoz.org\/wp-content\/uploads\/2020\/03\/cea25dc5-2dd1-446b-87b3-a63767035480-225x300.jpg\" alt=\"\" width=\"208\" height=\"277\" srcset=\"https:\/\/pornuestroshermanossinvoz.org\/wp-content\/uploads\/2020\/03\/cea25dc5-2dd1-446b-87b3-a63767035480-225x300.jpg 225w, https:\/\/pornuestroshermanossinvoz.org\/wp-content\/uploads\/2020\/03\/cea25dc5-2dd1-446b-87b3-a63767035480-768x1024.jpg 768w, https:\/\/pornuestroshermanossinvoz.org\/wp-content\/uploads\/2020\/03\/cea25dc5-2dd1-446b-87b3-a63767035480.jpg 960w\" sizes=\"(max-width: 208px) 100vw, 208px\" \/><br \/>\n<img loading=\"lazy\" decoding=\"async\" class=\"alignleft wp-image-12892\" src=\"https:\/\/pornuestroshermanossinvoz.org\/wp-content\/uploads\/2020\/03\/IMG_20191103_144935-300x225.jpg\" alt=\"\" width=\"235\" height=\"176\" srcset=\"https:\/\/pornuestroshermanossinvoz.org\/wp-content\/uploads\/2020\/03\/IMG_20191103_144935-300x225.jpg 300w, https:\/\/pornuestroshermanossinvoz.org\/wp-content\/uploads\/2020\/03\/IMG_20191103_144935-768x576.jpg 768w, https:\/\/pornuestroshermanossinvoz.org\/wp-content\/uploads\/2020\/03\/IMG_20191103_144935-1024x768.jpg 1024w\" sizes=\"(max-width: 235px) 100vw, 235px\" \/><img loading=\"lazy\" decoding=\"async\" class=\"alignleft wp-image-12893\" src=\"https:\/\/pornuestroshermanossinvoz.org\/wp-content\/uploads\/2020\/03\/IMG_20191102_200625-300x225.jpg\" alt=\"\" width=\"240\" height=\"180\" srcset=\"https:\/\/pornuestroshermanossinvoz.org\/wp-content\/uploads\/2020\/03\/IMG_20191102_200625-300x225.jpg 300w, https:\/\/pornuestroshermanossinvoz.org\/wp-content\/uploads\/2020\/03\/IMG_20191102_200625-768x576.jpg 768w, https:\/\/pornuestroshermanossinvoz.org\/wp-content\/uploads\/2020\/03\/IMG_20191102_200625-1024x768.jpg 1024w\" sizes=\"(max-width: 240px) 100vw, 240px\" \/><\/p>\n<p>&nbsp;<\/p>\n<p>&nbsp;<\/p>\n<p>&nbsp;<\/p>\n<p>&nbsp;<\/p>\n<p>&nbsp;<\/p>\n<p>&nbsp;<\/p>\n<p>&nbsp;<\/p>\n<p>&nbsp;<\/p>\n<p>&nbsp;<\/p>\n<p>&nbsp;<\/p>\n<p>&nbsp;<\/p>\n<p>A continuaci\u00f3n se detalla una lista de que hace<br \/>\nfalta diario para continuar con esta labor altruista.<\/p>\n<h3>Alimento:<\/h3>\n<p><img loading=\"lazy\" decoding=\"async\" class=\"alignleft wp-image-12898\" src=\"https:\/\/pornuestroshermanossinvoz.org\/wp-content\/uploads\/2020\/03\/10492223_10152270519969998_4926402537398361279_n-300x168.jpg\" alt=\"\" width=\"193\" height=\"108\" srcset=\"https:\/\/pornuestroshermanossinvoz.org\/wp-content\/uploads\/2020\/03\/10492223_10152270519969998_4926402537398361279_n-300x168.jpg 300w, https:\/\/pornuestroshermanossinvoz.org\/wp-content\/uploads\/2020\/03\/10492223_10152270519969998_4926402537398361279_n.jpg 526w\" sizes=\"(max-width: 193px) 100vw, 193px\" \/><img loading=\"lazy\" decoding=\"async\" class=\"alignleft wp-image-12904\" src=\"https:\/\/pornuestroshermanossinvoz.org\/wp-content\/uploads\/2020\/03\/IMG_20190712_142311-300x225.jpg\" alt=\"\" width=\"141\" height=\"106\" srcset=\"https:\/\/pornuestroshermanossinvoz.org\/wp-content\/uploads\/2020\/03\/IMG_20190712_142311-300x225.jpg 300w, https:\/\/pornuestroshermanossinvoz.org\/wp-content\/uploads\/2020\/03\/IMG_20190712_142311-768x576.jpg 768w, https:\/\/pornuestroshermanossinvoz.org\/wp-content\/uploads\/2020\/03\/IMG_20190712_142311-1024x768.jpg 1024w\" sizes=\"(max-width: 141px) 100vw, 141px\" \/><\/p>\n<p><img loading=\"lazy\" decoding=\"async\" class=\"alignleft wp-image-12905\" src=\"https:\/\/pornuestroshermanossinvoz.org\/wp-content\/uploads\/2020\/03\/12669605_10153660127279998_7953489341414865595_n-300x200.jpg\" alt=\"\" width=\"164\" height=\"109\" srcset=\"https:\/\/pornuestroshermanossinvoz.org\/wp-content\/uploads\/2020\/03\/12669605_10153660127279998_7953489341414865595_n-300x200.jpg 300w, https:\/\/pornuestroshermanossinvoz.org\/wp-content\/uploads\/2020\/03\/12669605_10153660127279998_7953489341414865595_n-768x512.jpg 768w, https:\/\/pornuestroshermanossinvoz.org\/wp-content\/uploads\/2020\/03\/12669605_10153660127279998_7953489341414865595_n.jpg 960w\" sizes=\"(max-width: 164px) 100vw, 164px\" \/><\/p>\n<p><img loading=\"lazy\" decoding=\"async\" class=\"alignleft wp-image-12906\" src=\"https:\/\/pornuestroshermanossinvoz.org\/wp-content\/uploads\/2020\/03\/13007274_1001182813250956_7251953214424177911_n-1-300x225.jpg\" alt=\"\" width=\"146\" height=\"109\" srcset=\"https:\/\/pornuestroshermanossinvoz.org\/wp-content\/uploads\/2020\/03\/13007274_1001182813250956_7251953214424177911_n-1-300x225.jpg 300w, https:\/\/pornuestroshermanossinvoz.org\/wp-content\/uploads\/2020\/03\/13007274_1001182813250956_7251953214424177911_n-1-768x576.jpg 768w, https:\/\/pornuestroshermanossinvoz.org\/wp-content\/uploads\/2020\/03\/13007274_1001182813250956_7251953214424177911_n-1.jpg 960w\" sizes=\"(max-width: 146px) 100vw, 146px\" \/><\/p>\n<p>&nbsp;<\/p>\n<p>&nbsp;<\/p>\n<p>&nbsp;<\/p>\n<p>&nbsp;<\/p>\n<p>-CROQUETAS PARA PERROS Y GATOS (DE TODAS ETAPAS Y MARCAS).<\/p>\n<p>-ALIMENTO BLANDO EN LATA O SOBRE (PERROS Y GATOS).<\/p>\n<p>-LECHE ESPECIAL PARA PERROS Y GATOS CACHORROS LACTANTES COMO LA LECHE DE ROYAL CANIN, LECHITA WHISKAS.<\/p>\n<p>-LECHE DESLACTOSADA EN POLVO O LECHE NIDO EN POLVO.<\/p>\n<p>-LATAS A\/D o I\/D.<\/p>\n<p>-MAIZ QUEBRADO, LECHUGA, MANZANAS Y ZANAHORIAS.<\/p>\n<h3>PRODUCTO DE LIMPIEZA:<\/h3>\n<p><img loading=\"lazy\" decoding=\"async\" class=\"alignleft wp-image-12900\" src=\"https:\/\/pornuestroshermanossinvoz.org\/wp-content\/uploads\/2020\/03\/100_8981-300x225.jpg\" alt=\"\" width=\"163\" height=\"122\" srcset=\"https:\/\/pornuestroshermanossinvoz.org\/wp-content\/uploads\/2020\/03\/100_8981-300x225.jpg 300w, https:\/\/pornuestroshermanossinvoz.org\/wp-content\/uploads\/2020\/03\/100_8981-768x576.jpg 768w, https:\/\/pornuestroshermanossinvoz.org\/wp-content\/uploads\/2020\/03\/100_8981-1024x768.jpg 1024w\" sizes=\"(max-width: 163px) 100vw, 163px\" \/> <img loading=\"lazy\" decoding=\"async\" class=\"alignleft wp-image-12901\" src=\"https:\/\/pornuestroshermanossinvoz.org\/wp-content\/uploads\/2020\/03\/100_9018-300x225.jpg\" alt=\"\" width=\"161\" height=\"121\" srcset=\"https:\/\/pornuestroshermanossinvoz.org\/wp-content\/uploads\/2020\/03\/100_9018-300x225.jpg 300w, https:\/\/pornuestroshermanossinvoz.org\/wp-content\/uploads\/2020\/03\/100_9018-768x576.jpg 768w, https:\/\/pornuestroshermanossinvoz.org\/wp-content\/uploads\/2020\/03\/100_9018-1024x768.jpg 1024w\" sizes=\"(max-width: 161px) 100vw, 161px\" \/><img loading=\"lazy\" decoding=\"async\" class=\"alignleft wp-image-12902\" src=\"https:\/\/pornuestroshermanossinvoz.org\/wp-content\/uploads\/2020\/03\/100_9019-300x225.jpg\" alt=\"\" width=\"159\" height=\"119\" srcset=\"https:\/\/pornuestroshermanossinvoz.org\/wp-content\/uploads\/2020\/03\/100_9019-300x225.jpg 300w, https:\/\/pornuestroshermanossinvoz.org\/wp-content\/uploads\/2020\/03\/100_9019-768x576.jpg 768w, https:\/\/pornuestroshermanossinvoz.org\/wp-content\/uploads\/2020\/03\/100_9019-1024x768.jpg 1024w\" sizes=\"(max-width: 159px) 100vw, 159px\" \/><\/p>\n<p>&nbsp;<\/p>\n<p>&nbsp;<\/p>\n<p>&nbsp;<\/p>\n<p>&nbsp;<\/p>\n<p>El refugio se limpia a diario y son necesarios.<br \/>\nDETERGENTE EN POLVO O LIQUIDO, CLORO, PINOL, FABULOSO, CREOLINA, GUANTES, JALADORES, MECHUDOS,<br \/>\nCUBETAS MET\u00c1LICAS o DE PL\u00c1STICO GRANDES, ESCOBAS DE USO RUDO, RECOGEDORES DE BASURA MET\u00c1LICOS,<br \/>\nBOLSAS DE BASURA DE TODOS LOS TAMA\u00d1OS..<\/p>\n<h3>MEDICAMENTOS:<\/h3>\n<p><img loading=\"lazy\" decoding=\"async\" class=\"alignleft wp-image-12903\" src=\"https:\/\/pornuestroshermanossinvoz.org\/wp-content\/uploads\/2020\/03\/67879453_2345662342136323_4254165334321266688_n-225x300.jpg\" alt=\"\" width=\"148\" height=\"197\" srcset=\"https:\/\/pornuestroshermanossinvoz.org\/wp-content\/uploads\/2020\/03\/67879453_2345662342136323_4254165334321266688_n-225x300.jpg 225w, https:\/\/pornuestroshermanossinvoz.org\/wp-content\/uploads\/2020\/03\/67879453_2345662342136323_4254165334321266688_n.jpg 720w\" sizes=\"(max-width: 148px) 100vw, 148px\" \/><\/p>\n<p><img loading=\"lazy\" decoding=\"async\" class=\"alignleft wp-image-12908\" src=\"https:\/\/pornuestroshermanossinvoz.org\/wp-content\/uploads\/2020\/03\/56757279_2141862565849636_2978662735782346752_n-225x300.jpg\" alt=\"\" width=\"148\" height=\"197\" srcset=\"https:\/\/pornuestroshermanossinvoz.org\/wp-content\/uploads\/2020\/03\/56757279_2141862565849636_2978662735782346752_n-225x300.jpg 225w, https:\/\/pornuestroshermanossinvoz.org\/wp-content\/uploads\/2020\/03\/56757279_2141862565849636_2978662735782346752_n.jpg 720w\" sizes=\"(max-width: 148px) 100vw, 148px\" \/><\/p>\n<p><img loading=\"lazy\" decoding=\"async\" class=\"alignleft wp-image-12909\" src=\"https:\/\/pornuestroshermanossinvoz.org\/wp-content\/uploads\/2020\/03\/23905681_1518563398179559_3429836400920004169_n-225x300.jpg\" alt=\"\" width=\"148\" height=\"197\" srcset=\"https:\/\/pornuestroshermanossinvoz.org\/wp-content\/uploads\/2020\/03\/23905681_1518563398179559_3429836400920004169_n-225x300.jpg 225w, https:\/\/pornuestroshermanossinvoz.org\/wp-content\/uploads\/2020\/03\/23905681_1518563398179559_3429836400920004169_n.jpg 720w\" sizes=\"(max-width: 148px) 100vw, 148px\" \/><\/p>\n<p>&nbsp;<\/p>\n<p>&nbsp;<\/p>\n<p>&nbsp;<\/p>\n<p>&nbsp;<\/p>\n<p>&nbsp;<\/p>\n<p>&nbsp;<\/p>\n<p>&nbsp;<\/p>\n<p>Para los rescates y ayuda veterinaria\u2026<\/p>\n<p>JERINGAS INSULINA, 1ML, SUTURAS, GASAS, ALCOHOL, MERTHIOLATE, ISODINE, VENDAS DE TODAS MEDIDAS, TELA SEDASIVA,<br \/>\nTRANSPOR, CUBREBOCAS, GUANTES, DEXAMETASONA INYECTADA, SHOTAPEN, Antibi\u00f3ticos, Jeringas, Metronidazol soluci\u00f3n inyectable 500 mg,<br \/>\nRanitidina soluci\u00f3n inyectable de 50 mg, Metoclopramida soluci\u00f3n inyectable de 20 mg, Ampicilina soluci\u00f3ninyectable de 500 mg,<br \/>\nTramadol soluci\u00f3n inyectable de 100 mg, Glucosa o Dextrosa al 50%, Cat\u00e9ter amarillo o azul, guantes quir\u00fargicos,<br \/>\nSnap para moquillo y\/o parvovirus (iddex) (son pruebas r\u00e1pidas para moquillo y parvo para los perritos nuevos). AMOXICILINA,<br \/>\nIVERMECTINA INYECTABLE, AMITRAX, ANTIBI\u00d3TICOS, SUEROS, ELECTROLITOS, CALCIO PARA PERROS CON DESCALCIFICACI\u00d2N, ETC. -cefalexina,<br \/>\nvitamina e, ages, equlibirium, virbagen, inmunest, silexis.. (NO CADUCADAS).<\/p>\n<h3>PARA CONSTRUCCI\u00d3N:<\/h3>\n<p><img loading=\"lazy\" decoding=\"async\" class=\"alignleft wp-image-12911\" src=\"https:\/\/pornuestroshermanossinvoz.org\/wp-content\/uploads\/2020\/03\/IMAG1903-300x169.jpg\" alt=\"\" width=\"211\" height=\"119\" srcset=\"https:\/\/pornuestroshermanossinvoz.org\/wp-content\/uploads\/2020\/03\/IMAG1903-300x169.jpg 300w, https:\/\/pornuestroshermanossinvoz.org\/wp-content\/uploads\/2020\/03\/IMAG1903-768x432.jpg 768w, https:\/\/pornuestroshermanossinvoz.org\/wp-content\/uploads\/2020\/03\/IMAG1903-1024x576.jpg 1024w, https:\/\/pornuestroshermanossinvoz.org\/wp-content\/uploads\/2020\/03\/IMAG1903.jpg 1920w\" sizes=\"(max-width: 211px) 100vw, 211px\" \/><\/p>\n<p><img loading=\"lazy\" decoding=\"async\" class=\"alignleft wp-image-12912\" src=\"https:\/\/pornuestroshermanossinvoz.org\/wp-content\/uploads\/2020\/03\/IMG_20191102_173857-225x300.jpg\" alt=\"\" width=\"90\" height=\"120\" srcset=\"https:\/\/pornuestroshermanossinvoz.org\/wp-content\/uploads\/2020\/03\/IMG_20191102_173857-225x300.jpg 225w, https:\/\/pornuestroshermanossinvoz.org\/wp-content\/uploads\/2020\/03\/IMG_20191102_173857-768x1024.jpg 768w\" sizes=\"(max-width: 90px) 100vw, 90px\" \/><\/p>\n<p><img loading=\"lazy\" decoding=\"async\" class=\"alignleft wp-image-12913\" src=\"https:\/\/pornuestroshermanossinvoz.org\/wp-content\/uploads\/2020\/03\/IMAG2336-300x222.jpg\" alt=\"\" width=\"166\" height=\"123\" srcset=\"https:\/\/pornuestroshermanossinvoz.org\/wp-content\/uploads\/2020\/03\/IMAG2336-300x222.jpg 300w, https:\/\/pornuestroshermanossinvoz.org\/wp-content\/uploads\/2020\/03\/IMAG2336-768x569.jpg 768w, https:\/\/pornuestroshermanossinvoz.org\/wp-content\/uploads\/2020\/03\/IMAG2336-1024x759.jpg 1024w\" sizes=\"(max-width: 166px) 100vw, 166px\" \/> <img loading=\"lazy\" decoding=\"async\" class=\"alignleft wp-image-12914\" src=\"https:\/\/pornuestroshermanossinvoz.org\/wp-content\/uploads\/2020\/03\/IMAG2346-300x222.jpg\" alt=\"\" width=\"166\" height=\"123\" srcset=\"https:\/\/pornuestroshermanossinvoz.org\/wp-content\/uploads\/2020\/03\/IMAG2346-300x222.jpg 300w, https:\/\/pornuestroshermanossinvoz.org\/wp-content\/uploads\/2020\/03\/IMAG2346-768x569.jpg 768w, https:\/\/pornuestroshermanossinvoz.org\/wp-content\/uploads\/2020\/03\/IMAG2346-1024x759.jpg 1024w\" sizes=\"(max-width: 166px) 100vw, 166px\" \/><\/p>\n<p>&nbsp;<\/p>\n<p>&nbsp;<\/p>\n<p>&nbsp;<\/p>\n<p>&nbsp;<\/p>\n<p>Siempre hay que estar acondicionando el Santuario.<\/p>\n<p>-MALLA CICL\u00d3NICA, CLAVOS DE 3 Y 4 PULGADAS, ALAMBRE, PALAS, PICOS, CARRETILLA, GUANTES DE MECANICO, TALADRO ELECTRICO, CORTADORA PARA MADERA, SERRUCHOS, ESCALERAS, MACHETES, DERSAMADORES, MARTILLOS, PINZAS PARA CORTAR ALAMBRE, POLINES DE MADERA, CEMENTO, CAL, GRAVA, TEZONTLE ROJO, PIJAS PARA MADERA DE CUALQUIER TAMA\u00d1O, LABRILLOS, TUBO PLUS CUALQUIER MEDIDA, TUBO PVC CUALQUIER MEDIDA, TINACOS, ETC&#8230;<\/p>\n<h3>OTROS:<\/h3>\n<p><img loading=\"lazy\" decoding=\"async\" class=\"alignleft wp-image-12916\" src=\"https:\/\/pornuestroshermanossinvoz.org\/wp-content\/uploads\/2020\/03\/27julio2015-300x225.jpg\" alt=\"\" width=\"211\" height=\"158\" srcset=\"https:\/\/pornuestroshermanossinvoz.org\/wp-content\/uploads\/2020\/03\/27julio2015-300x225.jpg 300w, https:\/\/pornuestroshermanossinvoz.org\/wp-content\/uploads\/2020\/03\/27julio2015-768x576.jpg 768w, https:\/\/pornuestroshermanossinvoz.org\/wp-content\/uploads\/2020\/03\/27julio2015.jpg 960w\" sizes=\"(max-width: 211px) 100vw, 211px\" \/><\/p>\n<p><img loading=\"lazy\" decoding=\"async\" class=\"alignleft wp-image-12917\" src=\"https:\/\/pornuestroshermanossinvoz.org\/wp-content\/uploads\/2020\/03\/100_6959-300x200.jpg\" alt=\"\" width=\"195\" height=\"130\" srcset=\"https:\/\/pornuestroshermanossinvoz.org\/wp-content\/uploads\/2020\/03\/100_6959-300x200.jpg 300w, https:\/\/pornuestroshermanossinvoz.org\/wp-content\/uploads\/2020\/03\/100_6959-768x512.jpg 768w, https:\/\/pornuestroshermanossinvoz.org\/wp-content\/uploads\/2020\/03\/100_6959-1024x682.jpg 1024w\" sizes=\"(max-width: 195px) 100vw, 195px\" \/><\/p>\n<p><img loading=\"lazy\" decoding=\"async\" class=\"alignleft wp-image-12919\" src=\"https:\/\/pornuestroshermanossinvoz.org\/wp-content\/uploads\/2020\/03\/36849162_1750685514967345_1547432658974277632_n-300x300.jpg\" alt=\"\" width=\"159\" height=\"159\" srcset=\"https:\/\/pornuestroshermanossinvoz.org\/wp-content\/uploads\/2020\/03\/36849162_1750685514967345_1547432658974277632_n-300x300.jpg 300w, https:\/\/pornuestroshermanossinvoz.org\/wp-content\/uploads\/2020\/03\/36849162_1750685514967345_1547432658974277632_n-150x150.jpg 150w, https:\/\/pornuestroshermanossinvoz.org\/wp-content\/uploads\/2020\/03\/36849162_1750685514967345_1547432658974277632_n-768x768.jpg 768w, https:\/\/pornuestroshermanossinvoz.org\/wp-content\/uploads\/2020\/03\/36849162_1750685514967345_1547432658974277632_n.jpg 960w\" sizes=\"(max-width: 159px) 100vw, 159px\" \/><\/p>\n<p>&nbsp;<\/p>\n<p>&nbsp;<\/p>\n<p>&nbsp;<\/p>\n<p>&nbsp;<\/p>\n<p>&nbsp;<\/p>\n<p>Son de mucha utilidad.<\/p>\n<p>-CALENTADOR SOLAR, MESAS DESARMABLES PARA NUESTRAS CAMPA\u00d1AS DE ESTERILIZACI\u00d3N Y SILLAS DE PL\u00c1STICO O BANCOS EN BUEN ESTADO. -2 BA\u00d1ERAS GRANDES PARA PERROS<br \/>\nMAQUINA PARA RASURAR PERROS, LONAS GRANDES, CASITAS GRANDES PARA PERRO, C\u00c1MARA DIGITAL ETC&#8230;<\/p>\n<p>En verdad nos hace mucha falta todo lo que se solicita, para seguir acondicionando y dando un hogar digno a nuestro santuario.<\/p>\n<h3>SUMATE! A NUESTRA COLECTA!&#8230; ELLOS TE NECESITAN.<\/h3>\n<p>Todos Ellos Han sido abandonados, golpeados, despreciados,<br \/>\natropellados, violados, han pasado hambre&#8230;..<\/p>\n<p>Necesitan alimento en calidad de urgente, atenci\u00f3n m\u00e9dica,<br \/>\nmedicamentos, ropa para que pasen menos fr\u00edo.<\/p>\n<p>&#8230; todo lo que puedan aportar ser\u00e1 bien recibido.<\/p>\n<p>Aunque lo que m\u00e1s necesitan es un hogar donde les cuiden, les mimen<br \/>\ny d\u00f3nde ellos puedan ser felices y hacer lo que m\u00e1s les gusta,<\/p>\n<h3>QUERERTE A TI.<\/h3>\n<p><img loading=\"lazy\" decoding=\"async\" class=\"alignleft wp-image-12920\" src=\"https:\/\/pornuestroshermanossinvoz.org\/wp-content\/uploads\/2020\/03\/100_0733-300x225.jpg\" alt=\"\" width=\"228\" height=\"171\" srcset=\"https:\/\/pornuestroshermanossinvoz.org\/wp-content\/uploads\/2020\/03\/100_0733-300x225.jpg 300w, https:\/\/pornuestroshermanossinvoz.org\/wp-content\/uploads\/2020\/03\/100_0733-768x576.jpg 768w, https:\/\/pornuestroshermanossinvoz.org\/wp-content\/uploads\/2020\/03\/100_0733-1024x768.jpg 1024w\" sizes=\"(max-width: 228px) 100vw, 228px\" \/> <img loading=\"lazy\" decoding=\"async\" class=\"alignleft wp-image-12921\" src=\"https:\/\/pornuestroshermanossinvoz.org\/wp-content\/uploads\/2020\/03\/100_0729-300x225.jpg\" alt=\"\" width=\"229\" height=\"172\" srcset=\"https:\/\/pornuestroshermanossinvoz.org\/wp-content\/uploads\/2020\/03\/100_0729-300x225.jpg 300w, https:\/\/pornuestroshermanossinvoz.org\/wp-content\/uploads\/2020\/03\/100_0729-768x576.jpg 768w, https:\/\/pornuestroshermanossinvoz.org\/wp-content\/uploads\/2020\/03\/100_0729-1024x768.jpg 1024w\" sizes=\"(max-width: 229px) 100vw, 229px\" \/><\/p>\n","protected":false},"excerpt":{"rendered":"<p>Tu puedes cambiar su destino a cada uno de por nuestros hermanos sin voz con donaciones y aportaciones en &#8220;ESPECIE O EN EFECTIVO&#8221;. Tu eres el motor de esta linda labor!. Ay\u00fadanos a seguir salvando vidas. DONATIVOS PARA EL REFUGIO DE YOLANDA EN TULA DE ALLENDE-HIDALGO, M\u00c9XICO. YOLANDA ROMERO NU\u00d1EZ HSBC SUC. 0967 CUENTA. 6460201068 [&hellip;]<\/p>\n","protected":false},"author":1,"featured_media":12893,"parent":0,"menu_order":0,"comment_status":"open","ping_status":"open","template":"","meta":{"_monsterinsights_skip_tracking":false,"_monsterinsights_sitenote_active":false,"_monsterinsights_sitenote_note":"","_monsterinsights_sitenote_category":0,"ngg_post_thumbnail":0,"footnotes":""},"class_list":["post-50","page","type-page","status-publish","hentry"],"_links":{"self":[{"href":"https:\/\/pornuestroshermanossinvoz.org\/index.php?rest_route=\/wp\/v2\/pages\/50"}],"collection":[{"href":"https:\/\/pornuestroshermanossinvoz.org\/index.php?rest_route=\/wp\/v2\/pages"}],"about":[{"href":"https:\/\/pornuestroshermanossinvoz.org\/index.php?rest_route=\/wp\/v2\/types\/page"}],"author":[{"embeddable":true,"href":"https:\/\/pornuestroshermanossinvoz.org\/index.php?rest_route=\/wp\/v2\/users\/1"}],"replies":[{"embeddable":true,"href":"https:\/\/pornuestroshermanossinvoz.org\/index.php?rest_route=%2Fwp%2Fv2%2Fcomments&post=50"}],"version-history":[{"count":27,"href":"https:\/\/pornuestroshermanossinvoz.org\/index.php?rest_route=\/wp\/v2\/pages\/50\/revisions"}],"predecessor-version":[{"id":13949,"href":"https:\/\/pornuestroshermanossinvoz.org\/index.php?rest_route=\/wp\/v2\/pages\/50\/revisions\/13949"}],"wp:featuredmedia":[{"embeddable":true,"href":"https:\/\/pornuestroshermanossinvoz.org\/index.php?rest_route=\/wp\/v2\/media\/12893"}],"wp:attachment":[{"href":"https:\/\/pornuestroshermanossinvoz.org\/index.php?rest_route=%2Fwp%2Fv2%2Fmedia&parent=50"}],"curies":[{"name":"wp","href":"https:\/\/api.w.org\/{rel}","templated":true}]}}