{"id":147,"date":"2010-05-04T00:19:09","date_gmt":"2010-05-04T04:19:09","guid":{"rendered":"https:\/\/pornuestroshermanossinvoz.org\/?page_id=147"},"modified":"2020-03-25T13:20:21","modified_gmt":"2020-03-25T19:20:21","slug":"galerias","status":"publish","type":"page","link":"https:\/\/pornuestroshermanossinvoz.org\/?page_id=147","title":{"rendered":"Galer\u00edas"},"content":{"rendered":"<h3>FOTOS Y VIDEOS<\/h3>\n<p>Te invitamos a conocer la labor desempe\u00f1ada por Yolanda Romero Nu\u00f1ez a favor de los animalitos maltratados mediante un compendio de im\u00e1genes que ilustran &#8220;m\u00e1s que mil palabras&#8221; c\u00f3mo su campo de acci\u00f3n se extiende a perros, gatos, burros, caballos, vacas, borregos una cerdita, hujalotes, conejos y hasta palomas!!&#8230; mostrando que su trabajo es integral, participando tambi\u00e9n activamente en varias campa\u00f1as de esterilizaci\u00f3n y vacunaci\u00f3n gratuitas que se han llevado a cabo en el interior de la Rep\u00fablica, as\u00ed como el fomento a adoptar mascotas de refugios y concientizar a las personas sobre el hecho innegable que todos los seres vivos sienten e importan tanto como los humanos.<\/p>\n<p><iframe loading=\"lazy\" title=\"YO SOY YOLANDA ROMERO NU\u00d1EZ DE POR NUESTROS HERMANOS SIN VOZ A.C.\" width=\"500\" height=\"281\" src=\"https:\/\/www.youtube.com\/embed\/devOn_OpKfA?feature=oembed\" frameborder=\"0\" allow=\"accelerometer; autoplay; clipboard-write; encrypted-media; gyroscope; picture-in-picture; web-share\" referrerpolicy=\"strict-origin-when-cross-origin\" allowfullscreen><\/iframe><\/p>\n<div id=\"coolirisDiv\">&nbsp;<\/div>\n<h3>VIDEOS \/ YOUTUBE<\/h3>\n<p>Te presentamos algunos videos de rescates (muchos de ellos altamente emotivos), as\u00ed como una entrevista que le hizo a Yolanda el noticiero de Canal 40 en el refugio de Tultitl\u00e1n, Estado de M\u00e9xico.<\/p>\n<p>Nos da mucho gusto poder tener testimonio f\u00edlmico de la valiosa labor realizada, Yolanda y todos aquellos amigos de los hermanos sin voz que desinteresadamente y de todo coraz\u00f3n han puesto su granito de arena para que los rescates (y muchos felices desenlaces de los mismos) hayan sido posibles&#8230; y t\u00fa tambi\u00e9n puedes formar parte de todo esto!! \u00c1nimate a darnos s\u00f3lo un par de horas de UNO de tus d\u00edas como voluntario y ver\u00e1s c\u00f3mo tu vida despu\u00e9s de eso no vuelve a ser la misma&#8230; y la de los animalitos que ayudas, tampoco!!<\/p>\n<p><iframe loading=\"lazy\" title=\"Entrevista Yolanda Romero Nu\u00f1ez Por nuestros hermanos sin voz A.C.\" width=\"500\" height=\"375\" src=\"https:\/\/www.youtube.com\/embed\/XfzPSIovCg0?feature=oembed\" frameborder=\"0\" allow=\"accelerometer; autoplay; clipboard-write; encrypted-media; gyroscope; picture-in-picture; web-share\" referrerpolicy=\"strict-origin-when-cross-origin\" allowfullscreen><\/iframe><\/p>\n","protected":false},"excerpt":{"rendered":"<p>FOTOS Y VIDEOS Te invitamos a conocer la labor desempe\u00f1ada por Yolanda Romero Nu\u00f1ez a favor de los animalitos maltratados mediante un compendio de im\u00e1genes que ilustran &#8220;m\u00e1s que mil palabras&#8221; c\u00f3mo su campo de acci\u00f3n se extiende a perros, gatos, burros, caballos, vacas, borregos una cerdita, hujalotes, conejos y hasta palomas!!&#8230; mostrando que su [&hellip;]<\/p>\n","protected":false},"author":1,"featured_media":0,"parent":0,"menu_order":7,"comment_status":"open","ping_status":"open","template":"","meta":{"_monsterinsights_skip_tracking":false,"_monsterinsights_sitenote_active":false,"_monsterinsights_sitenote_note":"","_monsterinsights_sitenote_category":0,"ngg_post_thumbnail":0,"footnotes":""},"class_list":["post-147","page","type-page","status-publish","hentry"],"_links":{"self":[{"href":"https:\/\/pornuestroshermanossinvoz.org\/index.php?rest_route=\/wp\/v2\/pages\/147"}],"collection":[{"href":"https:\/\/pornuestroshermanossinvoz.org\/index.php?rest_route=\/wp\/v2\/pages"}],"about":[{"href":"https:\/\/pornuestroshermanossinvoz.org\/index.php?rest_route=\/wp\/v2\/types\/page"}],"author":[{"embeddable":true,"href":"https:\/\/pornuestroshermanossinvoz.org\/index.php?rest_route=\/wp\/v2\/users\/1"}],"replies":[{"embeddable":true,"href":"https:\/\/pornuestroshermanossinvoz.org\/index.php?rest_route=%2Fwp%2Fv2%2Fcomments&post=147"}],"version-history":[{"count":2,"href":"https:\/\/pornuestroshermanossinvoz.org\/index.php?rest_route=\/wp\/v2\/pages\/147\/revisions"}],"predecessor-version":[{"id":12970,"href":"https:\/\/pornuestroshermanossinvoz.org\/index.php?rest_route=\/wp\/v2\/pages\/147\/revisions\/12970"}],"wp:attachment":[{"href":"https:\/\/pornuestroshermanossinvoz.org\/index.php?rest_route=%2Fwp%2Fv2%2Fmedia&parent=147"}],"curies":[{"name":"wp","href":"https:\/\/api.w.org\/{rel}","templated":true}]}}